{"id":1462,"date":"2020-11-04T21:52:50","date_gmt":"2020-11-05T03:52:50","guid":{"rendered":"https:\/\/lacortedelosmilagros.com\/?page_id=1462"},"modified":"2021-05-05T22:21:42","modified_gmt":"2021-05-06T03:21:42","slug":"el-pequeno-resto-de-mi-vida-en-mi","status":"publish","type":"page","link":"https:\/\/lacortedelosmilagros.com\/es\/proyectos\/el-pequeno-resto-de-mi-vida-en-mi\/","title":{"rendered":"El peque\u00f1o resto de mi vida en m\u00ed"},"content":{"rendered":"\t\t<div data-elementor-type=\"wp-page\" data-elementor-id=\"1462\" class=\"elementor elementor-1462\">\n\t\t\t\t\t\t<section class=\"elementor-section elementor-top-section elementor-element elementor-element-50aaed5f elementor-section-boxed elementor-section-height-default elementor-section-height-default\" data-id=\"50aaed5f\" data-element_type=\"section\" data-e-type=\"section\">\n\t\t\t\t\t\t<div class=\"elementor-container elementor-column-gap-default\">\n\t\t\t\t\t<div class=\"elementor-column elementor-col-100 elementor-top-column elementor-element elementor-element-40ca351d\" data-id=\"40ca351d\" data-element_type=\"column\" data-e-type=\"column\">\n\t\t\t<div class=\"elementor-widget-wrap elementor-element-populated\">\n\t\t\t\t\t\t<div class=\"elementor-element elementor-element-5bf5a55 elementor-widget elementor-widget-text-editor\" data-id=\"5bf5a55\" data-element_type=\"widget\" data-e-type=\"widget\" data-widget_type=\"text-editor.default\">\n\t\t\t\t<div class=\"elementor-widget-container\">\n\t\t\t\t\t\t\t\t\t<p><\/p>\n<div class=\"wp-block-group\"><div class=\"wp-block-group__inner-container\">\n<div class=\"wp-block-group__inner-container is-layout-flow wp-block-group-is-layout-flow\">\n<p><\/p>\n<h3 class=\"wp-block-image size-large\"><img fetchpriority=\"high\" decoding=\"async\" width=\"743\" height=\"1024\" class=\"wp-image-4284 alignnone\" src=\"https:\/\/lacortedelosmilagros.com\/wp-content\/uploads\/2021\/04\/CARTEL_EL_PEQUENO_V3-743x1024.jpg\" alt=\"\" srcset=\"https:\/\/lacortedelosmilagros.com\/wp-content\/uploads\/2021\/04\/CARTEL_EL_PEQUENO_V3-743x1024.jpg 743w, https:\/\/lacortedelosmilagros.com\/wp-content\/uploads\/2021\/04\/CARTEL_EL_PEQUENO_V3-218x300.jpg 218w, https:\/\/lacortedelosmilagros.com\/wp-content\/uploads\/2021\/04\/CARTEL_EL_PEQUENO_V3-768x1059.jpg 768w, https:\/\/lacortedelosmilagros.com\/wp-content\/uploads\/2021\/04\/CARTEL_EL_PEQUENO_V3-9x12.jpg 9w, https:\/\/lacortedelosmilagros.com\/wp-content\/uploads\/2021\/04\/CARTEL_EL_PEQUENO_V3.jpg 800w\" sizes=\"(max-width: 743px) 100vw, 743px\" \/><\/h3>\n<p><\/p>\n<p><\/p>\n<h5>El peque\u00f1o resto de mi vida en m\u00ed<\/h5>\n<h6>Proyecto beneficiado por el Sistema de apoyos a la creaci\u00f3n y a proyectos culturales (FONCA)<\/h6>\n<p style=\"text-align: justify;\">Una mujer ha matado a un hombre y clama por ser llevada a la c\u00e1rcel; sin embargo, no hay nada que compruebe la veracidad de ese hecho. Una psic\u00f3loga y una psiquiatra enfrentan el caso; mientras investigan lo que pas\u00f3, sus propias historias se develan.<\/p>\n<p>\u00a0<\/p>\n<p style=\"text-align: justify;\"><strong>El peque\u00f1o resto de mi vida en m\u00ed<\/strong> es una experiencia intermedial de 4 jornadas. Durante los primeros 3 d\u00edas, recibir\u00e1s mensajes personales v\u00eda whatsapp y el 4\u00ba la experiencia finalizar\u00e1 con un streaming a las 21:00h. en el que podr\u00e1s reunir las piezas del universo de tres mujeres que se enfrentan a la verdad.<\/p>\n<p style=\"text-align: justify;\">Al realizar tu aportaci\u00f3n, recibir\u00e1s un correo electr\u00f3nico de confirmaci\u00f3n con las instrucciones para vivir la experiencia de <strong>El peque\u00f1o resto de mi vida en m\u00ed.<\/strong><\/p>\n<p style=\"text-align: right;\"><strong>\u00a1Muchas gracias!<\/strong><\/p>\n<h1><a href=\"https:\/\/lacortedelosmilagros.com\/es\/asp-products\/el-pequeno-resto-de-mi-vida-en-mi-2\/\"><span style=\"color: #3366ff;\"><b><u>Unete a la\u00a0experiencia aqu\u00ed<\/u><\/b><\/span><\/a><\/h1>\n<p>\u00a0<\/p>\n<h6>EQUIPO CREATIVO<\/h6>\n<p><strong>Direcci\u00f3n y actuaci\u00f3n:<\/strong> Roc\u00edo Belmont<\/p>\n<p><strong>Dramaturgia y actuaci\u00f3n:<\/strong> Andr\u00f3meda Mej\u00eda*<\/p>\n<p><strong>Actuaci\u00f3n:<\/strong> Tony Marc\u00edn<\/p>\n<p><strong>Actuaci\u00f3n especial:<\/strong> Ly Amber Barrag\u00e1n<\/p>\n<p><strong>Dise\u00f1o de producci\u00f3n:<\/strong> Leticia Olvera<\/p>\n<p><strong>Dise\u00f1o sonoro:<\/strong> Homero Guerrero<\/p>\n<p><strong>Multimedia online:<\/strong> C\u00e9sar G\u00e1lvez<\/p>\n<p><strong>Edici\u00f3n audiovisual:<\/strong> Bel\u00e9n Valenzuela<\/p>\n<p><strong>Asistencia de direcci\u00f3n, producci\u00f3n y c\u00e1mara:<\/strong> Uriel Ledesma<\/p>\n<p><strong>Dibujo:<\/strong> C\u00e9sar Chagolla<\/p>\n<p><strong>Pintura:<\/strong> Isrhael Olvera<\/p>\n<p><strong>Dise\u00f1o gr\u00e1fico y asesor\u00eda de movimiento:<\/strong> V\u00edctor Sia\u00f1ez<\/p>\n<p><strong>RP y difusi\u00f3n:<\/strong> Eder Z\u00e1rate<\/p>\n<p><strong>Agradecemos a:\u00a0<\/strong> Hiram Molina, Alberto Villareal, Armando Barrag\u00e1n, Augusto Pedraza y Rogelio Trevi\u00f1o.<\/p>\n<p>*Beneficiaria del <b>Programa Creadores Esc\u00e9nicos 2019 -2020<\/b> del Sistema de apoyos a la creaci\u00f3n y a proyectos culturales (FONCA)<\/p>\n<p style=\"text-align: center;\"><strong>Proyecto beneficiado por el Sistema de apoyos a la creaci\u00f3n y a proyectos culturales (FONCA)<\/strong><\/p>\n<p><img decoding=\"async\" src=\"https:\/\/lacortedelosmilagros.com\/wp-content\/uploads\/2020\/11\/SecretariaCultura_Fonca_C-03-1024x168.png\" sizes=\"(max-width: 1024px) 100vw, 1024px\" srcset=\"https:\/\/lacortedelosmilagros.com\/wp-content\/uploads\/2020\/11\/SecretariaCultura_Fonca_C-03-1024x168.png 1024w, https:\/\/lacortedelosmilagros.com\/wp-content\/uploads\/2020\/11\/SecretariaCultura_Fonca_C-03-300x49.png 300w, https:\/\/lacortedelosmilagros.com\/wp-content\/uploads\/2020\/11\/SecretariaCultura_Fonca_C-03-768x126.png 768w, https:\/\/lacortedelosmilagros.com\/wp-content\/uploads\/2020\/11\/SecretariaCultura_Fonca_C-03-1536x252.png 1536w, https:\/\/lacortedelosmilagros.com\/wp-content\/uploads\/2020\/11\/SecretariaCultura_Fonca_C-03-2048x336.png 2048w, https:\/\/lacortedelosmilagros.com\/wp-content\/uploads\/2020\/11\/SecretariaCultura_Fonca_C-03-16x3.png 16w\" alt=\"\" width=\"1024\" height=\"168\" \/><\/p>\n<p><\/p>\n<\/div>\n<\/div><\/div>\n<p><\/p>\t\t\t\t\t\t\t\t<\/div>\n\t\t\t\t<\/div>\n\t\t\t\t\t<\/div>\n\t\t<\/div>\n\t\t\t\t\t<\/div>\n\t\t<\/section>\n\t\t\t\t<\/div>\n\t\t","protected":false},"excerpt":{"rendered":"<p>El peque\u00f1o resto de mi vida en m\u00ed Proyecto beneficiado por el Sistema de apoyos a la creaci\u00f3n y a proyectos culturales (FONCA) Una mujer ha matado a un hombre y clama por ser llevada a la c\u00e1rcel; sin embargo, no hay nada que compruebe la veracidad de ese hecho. Una psic\u00f3loga y una psiquiatra [&hellip;]<\/p>\n","protected":false},"author":4,"featured_media":0,"parent":501,"menu_order":21,"comment_status":"closed","ping_status":"closed","template":"","meta":{"_exactmetrics_skip_tracking":false,"_exactmetrics_sitenote_active":false,"_exactmetrics_sitenote_note":"","_exactmetrics_sitenote_category":0,"ocean_post_layout":"full-width","ocean_both_sidebars_style":"","ocean_both_sidebars_content_width":0,"ocean_both_sidebars_sidebars_width":0,"ocean_sidebar":"footer-four","ocean_second_sidebar":"0","ocean_disable_margins":"on","ocean_add_body_class":"","ocean_shortcode_before_top_bar":"","ocean_shortcode_after_top_bar":"","ocean_shortcode_before_header":"","ocean_shortcode_after_header":"","ocean_has_shortcode":"","ocean_shortcode_after_title":"","ocean_shortcode_before_footer_widgets":"","ocean_shortcode_after_footer_widgets":"","ocean_shortcode_before_footer_bottom":"","ocean_shortcode_after_footer_bottom":"","ocean_display_top_bar":"on","ocean_display_header":"on","ocean_header_style":"minimal","ocean_center_header_left_menu":"0","ocean_custom_header_template":"0","ocean_custom_logo":0,"ocean_custom_retina_logo":0,"ocean_custom_logo_max_width":0,"ocean_custom_logo_tablet_max_width":0,"ocean_custom_logo_mobile_max_width":0,"ocean_custom_logo_max_height":0,"ocean_custom_logo_tablet_max_height":0,"ocean_custom_logo_mobile_max_height":0,"ocean_header_custom_menu":"0","ocean_menu_typo_font_family":"0","ocean_menu_typo_font_subset":"","ocean_menu_typo_font_size":0,"ocean_menu_typo_font_size_tablet":0,"ocean_menu_typo_font_size_mobile":0,"ocean_menu_typo_font_size_unit":"px","ocean_menu_typo_font_weight":"","ocean_menu_typo_font_weight_tablet":"","ocean_menu_typo_font_weight_mobile":"","ocean_menu_typo_transform":"","ocean_menu_typo_transform_tablet":"","ocean_menu_typo_transform_mobile":"","ocean_menu_typo_line_height":0,"ocean_menu_typo_line_height_tablet":0,"ocean_menu_typo_line_height_mobile":0,"ocean_menu_typo_line_height_unit":"","ocean_menu_typo_spacing":0,"ocean_menu_typo_spacing_tablet":0,"ocean_menu_typo_spacing_mobile":0,"ocean_menu_typo_spacing_unit":"","ocean_menu_link_color":"","ocean_menu_link_color_hover":"","ocean_menu_link_color_active":"","ocean_menu_link_background":"","ocean_menu_link_hover_background":"","ocean_menu_link_active_background":"","ocean_menu_social_links_bg":"","ocean_menu_social_hover_links_bg":"","ocean_menu_social_links_color":"","ocean_menu_social_hover_links_color":"","ocean_disable_title":"on","ocean_disable_heading":"default","ocean_post_title":"","ocean_post_subheading":"","ocean_post_title_style":"","ocean_post_title_background_color":"","ocean_post_title_background":0,"ocean_post_title_bg_image_position":"","ocean_post_title_bg_image_attachment":"","ocean_post_title_bg_image_repeat":"","ocean_post_title_bg_image_size":"","ocean_post_title_height":0,"ocean_post_title_bg_overlay":0.5,"ocean_post_title_bg_overlay_color":"","ocean_disable_breadcrumbs":"default","ocean_breadcrumbs_color":"","ocean_breadcrumbs_separator_color":"","ocean_breadcrumbs_links_color":"","ocean_breadcrumbs_links_hover_color":"","ocean_display_footer_widgets":"off","ocean_display_footer_bottom":"on","ocean_custom_footer_template":"0","footnotes":""},"class_list":["post-1462","page","type-page","status-publish","hentry","entry"],"_links":{"self":[{"href":"https:\/\/lacortedelosmilagros.com\/es\/wp-json\/wp\/v2\/pages\/1462","targetHints":{"allow":["GET"]}}],"collection":[{"href":"https:\/\/lacortedelosmilagros.com\/es\/wp-json\/wp\/v2\/pages"}],"about":[{"href":"https:\/\/lacortedelosmilagros.com\/es\/wp-json\/wp\/v2\/types\/page"}],"author":[{"embeddable":true,"href":"https:\/\/lacortedelosmilagros.com\/es\/wp-json\/wp\/v2\/users\/4"}],"replies":[{"embeddable":true,"href":"https:\/\/lacortedelosmilagros.com\/es\/wp-json\/wp\/v2\/comments?post=1462"}],"version-history":[{"count":167,"href":"https:\/\/lacortedelosmilagros.com\/es\/wp-json\/wp\/v2\/pages\/1462\/revisions"}],"predecessor-version":[{"id":4349,"href":"https:\/\/lacortedelosmilagros.com\/es\/wp-json\/wp\/v2\/pages\/1462\/revisions\/4349"}],"up":[{"embeddable":true,"href":"https:\/\/lacortedelosmilagros.com\/es\/wp-json\/wp\/v2\/pages\/501"}],"wp:attachment":[{"href":"https:\/\/lacortedelosmilagros.com\/es\/wp-json\/wp\/v2\/media?parent=1462"}],"curies":[{"name":"wp","href":"https:\/\/api.w.org\/{rel}","templated":true}]}}