{"id":406,"date":"2016-09-27T09:51:22","date_gmt":"2016-09-27T09:51:22","guid":{"rendered":"http:\/\/fitness2.mythemecloud.io\/?page_id=406"},"modified":"2020-11-17T13:02:13","modified_gmt":"2020-11-17T19:02:13","slug":"studio","status":"publish","type":"page","link":"https:\/\/lacortedelosmilagros.com\/es\/studio\/","title":{"rendered":"Nosotros"},"content":{"rendered":"\t\t<div data-elementor-type=\"wp-page\" data-elementor-id=\"406\" class=\"elementor elementor-406\">\n\t\t\t\t\t\t<section class=\"elementor-section elementor-top-section elementor-element elementor-element-6e42464 elementor-section-full_width elementor-section-height-default elementor-section-height-default\" data-id=\"6e42464\" data-element_type=\"section\" data-e-type=\"section\">\n\t\t\t\t\t\t<div class=\"elementor-container elementor-column-gap-default\">\n\t\t\t\t\t<div class=\"elementor-column elementor-col-100 elementor-top-column elementor-element elementor-element-0aad6b6\" data-id=\"0aad6b6\" data-element_type=\"column\" data-e-type=\"column\">\n\t\t\t<div class=\"elementor-widget-wrap elementor-element-populated\">\n\t\t\t\t\t\t<div class=\"elementor-element elementor-element-d36d616 elementor-arrows-position-inside elementor-widget elementor-widget-image-carousel\" data-id=\"d36d616\" data-element_type=\"widget\" data-e-type=\"widget\" data-settings=\"{&quot;slides_to_show&quot;:&quot;1&quot;,&quot;navigation&quot;:&quot;arrows&quot;,&quot;autoplay_speed&quot;:4000,&quot;speed&quot;:400,&quot;autoplay&quot;:&quot;yes&quot;,&quot;pause_on_hover&quot;:&quot;yes&quot;,&quot;pause_on_interaction&quot;:&quot;yes&quot;,&quot;infinite&quot;:&quot;yes&quot;,&quot;effect&quot;:&quot;slide&quot;}\" data-widget_type=\"image-carousel.default\">\n\t\t\t\t<div class=\"elementor-widget-container\">\n\t\t\t\t\t\t\t<div class=\"elementor-image-carousel-wrapper swiper\" role=\"region\" aria-roledescription=\"carousel\" aria-label=\"Carrusel de Im\u00e1genes\" dir=\"ltr\">\n\t\t\t<div class=\"elementor-image-carousel swiper-wrapper swiper-image-stretch\" aria-live=\"off\">\n\t\t\t\t\t\t\t\t<div class=\"swiper-slide\" role=\"group\" aria-roledescription=\"slide\" aria-label=\"1 de 5\"><figure class=\"swiper-slide-inner\"><img decoding=\"async\" class=\"swiper-slide-image\" src=\"https:\/\/lacortedelosmilagros.com\/wp-content\/uploads\/2020\/11\/nosotros-07.jpg\" alt=\"nosotros 07\" \/><\/figure><\/div><div class=\"swiper-slide\" role=\"group\" aria-roledescription=\"slide\" aria-label=\"2 de 5\"><figure class=\"swiper-slide-inner\"><img decoding=\"async\" class=\"swiper-slide-image\" src=\"https:\/\/lacortedelosmilagros.com\/wp-content\/uploads\/2020\/11\/nosotros-08.jpg\" alt=\"nosotros 08\" \/><\/figure><\/div><div class=\"swiper-slide\" role=\"group\" aria-roledescription=\"slide\" aria-label=\"3 de 5\"><figure class=\"swiper-slide-inner\"><img decoding=\"async\" class=\"swiper-slide-image\" src=\"https:\/\/lacortedelosmilagros.com\/wp-content\/uploads\/2020\/11\/nosotros-09.jpg\" alt=\"Espacios Alternativos\" \/><\/figure><\/div><div class=\"swiper-slide\" role=\"group\" aria-roledescription=\"slide\" aria-label=\"4 de 5\"><figure class=\"swiper-slide-inner\"><img decoding=\"async\" class=\"swiper-slide-image\" src=\"https:\/\/lacortedelosmilagros.com\/wp-content\/uploads\/2020\/11\/nosotros_2.jpg\" alt=\"nosotros_2\" \/><\/figure><\/div><div class=\"swiper-slide\" role=\"group\" aria-roledescription=\"slide\" aria-label=\"5 de 5\"><figure class=\"swiper-slide-inner\"><img decoding=\"async\" class=\"swiper-slide-image\" src=\"https:\/\/lacortedelosmilagros.com\/wp-content\/uploads\/2020\/11\/nosotros_05.jpg\" alt=\"TEATRO INDEPENDIENTE, LA CORTE DE LOS MILAGROS\" \/><\/figure><\/div>\t\t\t<\/div>\n\t\t\t\t\t\t\t\t\t\t\t\t<div class=\"elementor-swiper-button elementor-swiper-button-prev\" role=\"button\" tabindex=\"0\">\n\t\t\t\t\t\t<i aria-hidden=\"true\" class=\"eicon-chevron-left\"><\/i>\t\t\t\t\t<\/div>\n\t\t\t\t\t<div class=\"elementor-swiper-button elementor-swiper-button-next\" role=\"button\" tabindex=\"0\">\n\t\t\t\t\t\t<i aria-hidden=\"true\" class=\"eicon-chevron-right\"><\/i>\t\t\t\t\t<\/div>\n\t\t\t\t\n\t\t\t\t\t\t\t\t\t<\/div>\n\t\t\t\t\t\t<\/div>\n\t\t\t\t<\/div>\n\t\t\t\t\t<\/div>\n\t\t<\/div>\n\t\t\t\t\t<\/div>\n\t\t<\/section>\n\t\t\t\t<section class=\"elementor-section elementor-top-section elementor-element elementor-element-9491d83 elementor-section-boxed elementor-section-height-default elementor-section-height-default\" data-id=\"9491d83\" data-element_type=\"section\" data-e-type=\"section\">\n\t\t\t\t\t\t<div class=\"elementor-container elementor-column-gap-default\">\n\t\t\t\t\t<div class=\"elementor-column elementor-col-100 elementor-top-column elementor-element elementor-element-5f9ff49\" data-id=\"5f9ff49\" data-element_type=\"column\" data-e-type=\"column\">\n\t\t\t<div class=\"elementor-widget-wrap elementor-element-populated\">\n\t\t\t\t\t\t<div class=\"elementor-element elementor-element-a26acf3 elementor-widget elementor-widget-spacer\" data-id=\"a26acf3\" data-element_type=\"widget\" data-e-type=\"widget\" data-widget_type=\"spacer.default\">\n\t\t\t\t<div class=\"elementor-widget-container\">\n\t\t\t\t\t\t\t<div class=\"elementor-spacer\">\n\t\t\t<div class=\"elementor-spacer-inner\"><\/div>\n\t\t<\/div>\n\t\t\t\t\t\t<\/div>\n\t\t\t\t<\/div>\n\t\t\t\t\t<\/div>\n\t\t<\/div>\n\t\t\t\t\t<\/div>\n\t\t<\/section>\n\t\t\t\t<section class=\"elementor-section elementor-top-section elementor-element elementor-element-cdad1d9 elementor-section-boxed elementor-section-height-default elementor-section-height-default\" data-id=\"cdad1d9\" data-element_type=\"section\" data-e-type=\"section\">\n\t\t\t\t\t\t<div class=\"elementor-container elementor-column-gap-default\">\n\t\t\t\t\t<div class=\"elementor-column elementor-col-100 elementor-top-column elementor-element elementor-element-52cd491\" data-id=\"52cd491\" data-element_type=\"column\" data-e-type=\"column\">\n\t\t\t<div class=\"elementor-widget-wrap elementor-element-populated\">\n\t\t\t\t\t\t<div class=\"elementor-element elementor-element-c79820b elementor-widget elementor-widget-heading\" data-id=\"c79820b\" data-element_type=\"widget\" data-e-type=\"widget\" data-widget_type=\"heading.default\">\n\t\t\t\t<div class=\"elementor-widget-container\">\n\t\t\t\t\t<h2 class=\"elementor-heading-title elementor-size-default\">Nosotros<\/h2>\t\t\t\t<\/div>\n\t\t\t\t<\/div>\n\t\t\t\t\t<\/div>\n\t\t<\/div>\n\t\t\t\t\t<\/div>\n\t\t<\/section>\n\t\t\t\t<section class=\"elementor-section elementor-top-section elementor-element elementor-element-658aa29 elementor-section-boxed elementor-section-height-default elementor-section-height-default\" data-id=\"658aa29\" data-element_type=\"section\" data-e-type=\"section\">\n\t\t\t\t\t\t<div class=\"elementor-container elementor-column-gap-default\">\n\t\t\t\t\t<div class=\"elementor-column elementor-col-100 elementor-top-column elementor-element elementor-element-cf35751\" data-id=\"cf35751\" data-element_type=\"column\" data-e-type=\"column\">\n\t\t\t<div class=\"elementor-widget-wrap elementor-element-populated\">\n\t\t\t\t\t\t<div class=\"elementor-element elementor-element-cc7e26c elementor-widget elementor-widget-spacer\" data-id=\"cc7e26c\" data-element_type=\"widget\" data-e-type=\"widget\" data-widget_type=\"spacer.default\">\n\t\t\t\t<div class=\"elementor-widget-container\">\n\t\t\t\t\t\t\t<div class=\"elementor-spacer\">\n\t\t\t<div class=\"elementor-spacer-inner\"><\/div>\n\t\t<\/div>\n\t\t\t\t\t\t<\/div>\n\t\t\t\t<\/div>\n\t\t\t\t\t<\/div>\n\t\t<\/div>\n\t\t\t\t\t<\/div>\n\t\t<\/section>\n\t\t\t\t<section class=\"elementor-section elementor-top-section elementor-element elementor-element-3969f90 elementor-section-boxed elementor-section-height-default elementor-section-height-default\" data-id=\"3969f90\" data-element_type=\"section\" data-e-type=\"section\">\n\t\t\t\t\t\t<div class=\"elementor-container elementor-column-gap-default\">\n\t\t\t\t\t<div class=\"elementor-column elementor-col-100 elementor-top-column elementor-element elementor-element-87837f8\" data-id=\"87837f8\" data-element_type=\"column\" data-e-type=\"column\">\n\t\t\t<div class=\"elementor-widget-wrap elementor-element-populated\">\n\t\t\t\t\t\t<div class=\"elementor-element elementor-element-15c5235 elementor-widget elementor-widget-text-editor\" data-id=\"15c5235\" data-element_type=\"widget\" data-e-type=\"widget\" data-widget_type=\"text-editor.default\">\n\t\t\t\t<div class=\"elementor-widget-container\">\n\t\t\t\t\t\t\t\t\t<p>Somos una\u00a0<strong>compa\u00f1\u00eda mexicana disidente de artes esc\u00e9nicas<\/strong> conformada por tres artistas interesados en las artes esc\u00e9nicas y visuales, que decidimos experimentar, investigar, reflexionar\u00a0 y crear en colaboraci\u00f3n. Nuestros cruces de creaci\u00f3n son la intervenci\u00f3n de espacios no convencionales, la inter-disciplina y la generaci\u00f3n de experiencias.<\/p><p>Buscamos adentrarnos en la perversidad de nuestra humanidad sin prejuicios, con total libertad creativa, est\u00e9tica y discursiva.\u00a0<strong>Hablamos de la obscuridad humana<\/strong>, la decadencia, la miseria, la fragmentaci\u00f3n, la violencia, la crueldad y con ello, de sus opuestos.<\/p><p>Apelamos al <strong>intercambio, al di\u00e1logo y a la colaboraci\u00f3n<\/strong> con otros creadores.<\/p><p>As\u00ed tambi\u00e9n, trabajamos con la improvisaci\u00f3n, con el cuerpo instintivo, la actoralidad perform\u00e1tica y con otras formas que subyacen al placer del hallazgo.<\/p>\t\t\t\t\t\t\t\t<\/div>\n\t\t\t\t<\/div>\n\t\t\t\t\t<\/div>\n\t\t<\/div>\n\t\t\t\t\t<\/div>\n\t\t<\/section>\n\t\t\t\t<section class=\"elementor-section elementor-top-section elementor-element elementor-element-f8a1454 elementor-section-boxed elementor-section-height-default elementor-section-height-default\" data-id=\"f8a1454\" data-element_type=\"section\" data-e-type=\"section\">\n\t\t\t\t\t\t<div class=\"elementor-container elementor-column-gap-default\">\n\t\t\t\t\t<div class=\"elementor-column elementor-col-100 elementor-top-column elementor-element elementor-element-c63d603\" data-id=\"c63d603\" data-element_type=\"column\" data-e-type=\"column\">\n\t\t\t<div class=\"elementor-widget-wrap elementor-element-populated\">\n\t\t\t\t\t\t<div class=\"elementor-element elementor-element-527dd4d elementor-widget elementor-widget-spacer\" data-id=\"527dd4d\" data-element_type=\"widget\" data-e-type=\"widget\" data-widget_type=\"spacer.default\">\n\t\t\t\t<div class=\"elementor-widget-container\">\n\t\t\t\t\t\t\t<div class=\"elementor-spacer\">\n\t\t\t<div class=\"elementor-spacer-inner\"><\/div>\n\t\t<\/div>\n\t\t\t\t\t\t<\/div>\n\t\t\t\t<\/div>\n\t\t\t\t\t<\/div>\n\t\t<\/div>\n\t\t\t\t\t<\/div>\n\t\t<\/section>\n\t\t\t\t<section class=\"elementor-section elementor-top-section elementor-element elementor-element-d4f6fde elementor-section-boxed elementor-section-height-default elementor-section-height-default\" data-id=\"d4f6fde\" data-element_type=\"section\" data-e-type=\"section\">\n\t\t\t\t\t\t<div class=\"elementor-container elementor-column-gap-default\">\n\t\t\t\t\t<div class=\"elementor-column elementor-col-100 elementor-top-column elementor-element elementor-element-a133e6e\" data-id=\"a133e6e\" data-element_type=\"column\" data-e-type=\"column\">\n\t\t\t<div class=\"elementor-widget-wrap elementor-element-populated\">\n\t\t\t\t\t\t<div class=\"elementor-element elementor-element-7461fe3 elementor-widget elementor-widget-audio\" data-id=\"7461fe3\" data-element_type=\"widget\" data-e-type=\"widget\" data-widget_type=\"audio.default\">\n\t\t\t\t<div class=\"elementor-widget-container\">\n\t\t\t\t\t\t\t\t<div class=\"elementor-soundcloud-wrapper\">\n\t\t\t\t<iframe width=\"1200\" height=\"200\" scrolling=\"no\" frameborder=\"no\" src=\"https:\/\/w.soundcloud.com\/player\/?visual=false&#038;url=https%3A%2F%2Fapi.soundcloud.com%2Ftracks%2F924194827&#038;show_artwork=false&#038;maxheight=1000&#038;maxwidth=1200&#038;auto_play=false&#038;buying=false&#038;liking=true&#038;download=false&#038;sharing=true&#038;show_comments=false&#038;show_playcount=false&#038;show_user=false&#038;color\"><\/iframe>\t\t\t<\/div>\n\t\t\t\t\t\t\t<\/div>\n\t\t\t\t<\/div>\n\t\t\t\t\t<\/div>\n\t\t<\/div>\n\t\t\t\t\t<\/div>\n\t\t<\/section>\n\t\t\t\t<section class=\"elementor-section elementor-top-section elementor-element elementor-element-9ddd7fd elementor-section-boxed elementor-section-height-default elementor-section-height-default\" data-id=\"9ddd7fd\" data-element_type=\"section\" data-e-type=\"section\">\n\t\t\t\t\t\t<div class=\"elementor-container elementor-column-gap-default\">\n\t\t\t\t\t<div class=\"elementor-column elementor-col-100 elementor-top-column elementor-element elementor-element-2436239\" data-id=\"2436239\" data-element_type=\"column\" data-e-type=\"column\">\n\t\t\t<div class=\"elementor-widget-wrap elementor-element-populated\">\n\t\t\t\t\t\t<div class=\"elementor-element elementor-element-d4e262d elementor-widget elementor-widget-spacer\" data-id=\"d4e262d\" data-element_type=\"widget\" data-e-type=\"widget\" data-widget_type=\"spacer.default\">\n\t\t\t\t<div class=\"elementor-widget-container\">\n\t\t\t\t\t\t\t<div class=\"elementor-spacer\">\n\t\t\t<div class=\"elementor-spacer-inner\"><\/div>\n\t\t<\/div>\n\t\t\t\t\t\t<\/div>\n\t\t\t\t<\/div>\n\t\t\t\t\t<\/div>\n\t\t<\/div>\n\t\t\t\t\t<\/div>\n\t\t<\/section>\n\t\t\t\t<section class=\"elementor-section elementor-top-section elementor-element elementor-element-1a00f39 elementor-section-boxed elementor-section-height-default elementor-section-height-default\" data-id=\"1a00f39\" data-element_type=\"section\" data-e-type=\"section\">\n\t\t\t\t\t\t<div class=\"elementor-container elementor-column-gap-default\">\n\t\t\t\t\t<div class=\"elementor-column elementor-col-100 elementor-top-column elementor-element elementor-element-97bdd5f\" data-id=\"97bdd5f\" data-element_type=\"column\" data-e-type=\"column\">\n\t\t\t<div class=\"elementor-widget-wrap elementor-element-populated\">\n\t\t\t\t\t\t<div class=\"elementor-element elementor-element-04fa831 elementor-widget elementor-widget-text-editor\" data-id=\"04fa831\" data-element_type=\"widget\" data-e-type=\"widget\" data-widget_type=\"text-editor.default\">\n\t\t\t\t<div class=\"elementor-widget-container\">\n\t\t\t\t\t\t\t\t\t<p><span style=\"color: #333333;\">Utilizamos el nombre de <a href=\"https:\/\/www.facebook.com\/lacortedelosmilagros2012\">La Corte de los Milagros<\/a> en un sentido metaf\u00f3rico para se\u00f1alar nuestra b\u00fasqueda de la comprensi\u00f3n de lo desagradable y lo po\u00e9tico de lo humano. Por ello nuestros\u00a0 proyectos se han volcado en <strong>temas y textos que aborden los lados obscuros del alma.<\/strong><\/span><\/p><p><span style=\"color: #333333;\">Nuestra compa\u00f1\u00eda <b>nace en el 2011<\/b> con sede en la Ciudad de M\u00e9xico. Durante m\u00e1s de una d\u00e9cada de trabajo, hemos realizado una investigaci\u00f3n continua en las artes esc\u00e9nicas y la inter-disciplina en espacios no convencionales. <\/span><\/p><p><span style=\"color: #333333;\">Los proyectos han ido derivando de lo esc\u00e9nico a partir de la dramaturgia hacia generar dramaturgias expandidas con la colaboraci\u00f3n de los creativos invitados, as\u00ed se ha ido planteando una personalidad particular de nuestras <b>a-puestas esc\u00e9nicas<\/b>. <strong>Nuestra consiga es no dejar de investigar, de hacernos preguntas, de crear a pesar de la circunstancias.<\/strong><\/span><\/p><p><span style=\"color: #333333;\">En 2020 obligados por el devenir mundial nos expandimos hacia el universo virtual. As\u00ed es como realizamos dos averiguaciones virtuales sobre los alcances de la escena en este medio: la primera aproximaci\u00f3n fue\u00a0<a href=\"http:\/\/lacortedelosmilagros.com\/proyectos\/la-violence-iii\/\">La violence III\u00a0(2020, Bruselas-M\u00e9xico)<\/a>, escrita por Ver\u00f3nica Villica\u00f1a y Augusto Pedraza; la segunda\u00a0<a href=\"http:\/\/lacortedelosmilagros.com\/proyectos\/white-room\/\">White room\u00a0(2020, CDMX-M\u00e9xico)<\/a> creaci\u00f3n colectiva de cuatro mujeres en aislamiento, cuyo proceso se torn\u00f3 m\u00e1s perform\u00e1tico y visual.<\/span><\/p><p><span style=\"color: #333333;\">Nuestro trabajo anterior comprende,<\/span><a href=\"http:\/\/lacortedelosmilagros.com\/proyectos\/the-other\/\">The other\u00a0(2019, Bruselas, B\u00e9lgica)<\/a> idea original de Augusto Pedraza;\u00a0<a href=\"http:\/\/lacortedelosmilagros.com\/proyectos\/pario-la-leona\/\">Pari\u00f3 la leona (2018-2019, CDMX)<\/a>, una inmersi\u00f3n esc\u00e9nica a la vida de El Goyo C\u00e1rdenas\u00a0 a partir de un texto del periodista Ricardo Ham y dirigida por Roc\u00edo Belmont, 4 temporadas; <a href=\"http:\/\/lacortedelosmilagros.com\/proyectos\/la-falsa-suicida\/\">La falsa suicida\u00a0 (2016-2017)<\/a> de Ang\u00e9lica Lidell bajo la direcci\u00f3n de Sixto Castro Santill\u00e1n, 3 temporadas;\u00a0<a href=\"http:\/\/lacortedelosmilagros.com\/proyectos\/indicio-de-olvido\/\">Indicio de olvido\u00a0(2015)<\/a> y\u00a0<a href=\"http:\/\/lacortedelosmilagros.com\/proyectos\/territorio-de-las-perdidas\/\">El territorio de las p\u00e9rdidas\u00a0(2014-2015)<\/a> escritas y dirigidas por Augusto Pedraza;\u00a0<a href=\"http:\/\/lacortedelosmilagros.com\/proyectos\/caricias-2\/\">Caricias\u00a0(2014)<\/a> de Sergi Belbel bajo la direcci\u00f3n de Roc\u00edo Belmont; y\u00a0<a href=\"http:\/\/lacortedelosmilagros.com\/proyectos\/los-gatos\/\">Los gatos\u00a0(2012)\u00a0<\/a> de Jes\u00fas Gonz\u00e1lez D\u00e1vila bajo la direcci\u00f3n de V\u00edctor Carpinteiro.\u00a0<\/p><p><span style=\"color: #333333;\">Hemos logrado hacer coproducci\u00f3n con <a href=\"https:\/\/www.erasmushogeschool.be\/en\/programmes\/drama\">Erasmushogeschool Brussel<\/a> (2019) y Escena M\u00e9xico Contepor\u00e1nea, A. C. (2018) Nuestros trabajos esc\u00e9nicos han formado parte del\u00a0<i>Festival de Artes Esc\u00e9nicas del Estado de M\u00e9xico (2019)<\/i>, la\u00a0<i>Segunda Invasi\u00f3n de Espacios M\u00f3rbido (2018)<\/i>\u00a0en Ciudad de M\u00e9xico y la\u00a0<i>Programaci\u00f3n de Sistema de Teatros de la Secretar\u00eda de Cultura de la CDMX (2017)<\/i>.<\/span><\/p>\t\t\t\t\t\t\t\t<\/div>\n\t\t\t\t<\/div>\n\t\t\t\t\t<\/div>\n\t\t<\/div>\n\t\t\t\t\t<\/div>\n\t\t<\/section>\n\t\t\t\t<section class=\"elementor-section elementor-top-section elementor-element elementor-element-55e045b elementor-section-boxed elementor-section-height-default elementor-section-height-default\" data-id=\"55e045b\" data-element_type=\"section\" data-e-type=\"section\">\n\t\t\t\t\t\t<div class=\"elementor-container elementor-column-gap-default\">\n\t\t\t\t\t<div class=\"elementor-column elementor-col-100 elementor-top-column elementor-element elementor-element-581a435\" data-id=\"581a435\" data-element_type=\"column\" data-e-type=\"column\">\n\t\t\t<div class=\"elementor-widget-wrap elementor-element-populated\">\n\t\t\t\t\t\t<div class=\"elementor-element elementor-element-b3128d7 elementor-widget elementor-widget-spacer\" data-id=\"b3128d7\" data-element_type=\"widget\" data-e-type=\"widget\" data-widget_type=\"spacer.default\">\n\t\t\t\t<div class=\"elementor-widget-container\">\n\t\t\t\t\t\t\t<div class=\"elementor-spacer\">\n\t\t\t<div class=\"elementor-spacer-inner\"><\/div>\n\t\t<\/div>\n\t\t\t\t\t\t<\/div>\n\t\t\t\t<\/div>\n\t\t\t\t\t<\/div>\n\t\t<\/div>\n\t\t\t\t\t<\/div>\n\t\t<\/section>\n\t\t\t\t<section class=\"elementor-section elementor-top-section elementor-element elementor-element-102fe4a elementor-section-full_width elementor-section-content-middle elementor-section-height-default elementor-section-height-default\" data-id=\"102fe4a\" data-element_type=\"section\" data-e-type=\"section\">\n\t\t\t\t\t\t<div class=\"elementor-container elementor-column-gap-default\">\n\t\t\t\t\t<div class=\"elementor-column elementor-col-100 elementor-top-column elementor-element elementor-element-a2f8b4d\" data-id=\"a2f8b4d\" data-element_type=\"column\" data-e-type=\"column\">\n\t\t\t<div class=\"elementor-widget-wrap elementor-element-populated\">\n\t\t\t\t\t\t<div class=\"elementor-element elementor-element-76e9338 elementor-widget elementor-widget-heading\" data-id=\"76e9338\" data-element_type=\"widget\" data-e-type=\"widget\" data-widget_type=\"heading.default\">\n\t\t\t\t<div class=\"elementor-widget-container\">\n\t\t\t\t\t<h6 class=\"elementor-heading-title elementor-size-default\">BIENVENIDOS A NUESTRA A-PUESTA<\/h6>\t\t\t\t<\/div>\n\t\t\t\t<\/div>\n\t\t\t\t\t<\/div>\n\t\t<\/div>\n\t\t\t\t\t<\/div>\n\t\t<\/section>\n\t\t\t\t<section class=\"elementor-section elementor-top-section elementor-element elementor-element-44310ca elementor-section-boxed elementor-section-height-default elementor-section-height-default\" data-id=\"44310ca\" data-element_type=\"section\" data-e-type=\"section\">\n\t\t\t\t\t\t<div class=\"elementor-container elementor-column-gap-default\">\n\t\t\t\t\t<div class=\"elementor-column elementor-col-100 elementor-top-column elementor-element elementor-element-1d0cef8\" data-id=\"1d0cef8\" data-element_type=\"column\" data-e-type=\"column\">\n\t\t\t<div class=\"elementor-widget-wrap elementor-element-populated\">\n\t\t\t\t\t\t<div class=\"elementor-element elementor-element-8747f5b elementor-widget elementor-widget-spacer\" data-id=\"8747f5b\" data-element_type=\"widget\" data-e-type=\"widget\" data-widget_type=\"spacer.default\">\n\t\t\t\t<div class=\"elementor-widget-container\">\n\t\t\t\t\t\t\t<div class=\"elementor-spacer\">\n\t\t\t<div class=\"elementor-spacer-inner\"><\/div>\n\t\t<\/div>\n\t\t\t\t\t\t<\/div>\n\t\t\t\t<\/div>\n\t\t\t\t\t<\/div>\n\t\t<\/div>\n\t\t\t\t\t<\/div>\n\t\t<\/section>\n\t\t\t\t<\/div>\n\t\t","protected":false},"excerpt":{"rendered":"<p>Previo Siguiente Nosotros Somos una\u00a0compa\u00f1\u00eda mexicana disidente de artes esc\u00e9nicas conformada por tres artistas interesados en las artes esc\u00e9nicas y visuales, que decidimos experimentar, investigar, reflexionar\u00a0 y crear en colaboraci\u00f3n. Nuestros cruces de creaci\u00f3n son la intervenci\u00f3n de espacios no convencionales, la inter-disciplina y la generaci\u00f3n de experiencias. Buscamos adentrarnos en la perversidad de nuestra [&hellip;]<\/p>\n","protected":false},"author":4,"featured_media":0,"parent":0,"menu_order":16,"comment_status":"closed","ping_status":"closed","template":"","meta":{"_exactmetrics_skip_tracking":false,"_exactmetrics_sitenote_active":false,"_exactmetrics_sitenote_note":"","_exactmetrics_sitenote_category":0,"ocean_post_layout":"full-width","ocean_both_sidebars_style":"","ocean_both_sidebars_content_width":0,"ocean_both_sidebars_sidebars_width":0,"ocean_sidebar":"0","ocean_second_sidebar":"0","ocean_disable_margins":"enable","ocean_add_body_class":"","ocean_shortcode_before_top_bar":"","ocean_shortcode_after_top_bar":"","ocean_shortcode_before_header":"","ocean_shortcode_after_header":"","ocean_has_shortcode":"","ocean_shortcode_after_title":"","ocean_shortcode_before_footer_widgets":"","ocean_shortcode_after_footer_widgets":"","ocean_shortcode_before_footer_bottom":"","ocean_shortcode_after_footer_bottom":"","ocean_display_top_bar":"on","ocean_display_header":"on","ocean_header_style":"minimal","ocean_center_header_left_menu":"0","ocean_custom_header_template":"0","ocean_custom_logo":0,"ocean_custom_retina_logo":0,"ocean_custom_logo_max_width":0,"ocean_custom_logo_tablet_max_width":0,"ocean_custom_logo_mobile_max_width":0,"ocean_custom_logo_max_height":0,"ocean_custom_logo_tablet_max_height":0,"ocean_custom_logo_mobile_max_height":0,"ocean_header_custom_menu":"0","ocean_menu_typo_font_family":"0","ocean_menu_typo_font_subset":"","ocean_menu_typo_font_size":0,"ocean_menu_typo_font_size_tablet":0,"ocean_menu_typo_font_size_mobile":0,"ocean_menu_typo_font_size_unit":"px","ocean_menu_typo_font_weight":"","ocean_menu_typo_font_weight_tablet":"","ocean_menu_typo_font_weight_mobile":"","ocean_menu_typo_transform":"","ocean_menu_typo_transform_tablet":"","ocean_menu_typo_transform_mobile":"","ocean_menu_typo_line_height":0,"ocean_menu_typo_line_height_tablet":0,"ocean_menu_typo_line_height_mobile":0,"ocean_menu_typo_line_height_unit":"","ocean_menu_typo_spacing":0,"ocean_menu_typo_spacing_tablet":0,"ocean_menu_typo_spacing_mobile":0,"ocean_menu_typo_spacing_unit":"","ocean_menu_link_color":"","ocean_menu_link_color_hover":"","ocean_menu_link_color_active":"","ocean_menu_link_background":"","ocean_menu_link_hover_background":"","ocean_menu_link_active_background":"","ocean_menu_social_links_bg":"","ocean_menu_social_hover_links_bg":"","ocean_menu_social_links_color":"","ocean_menu_social_hover_links_color":"","ocean_disable_title":"on","ocean_disable_heading":"default","ocean_post_title":"","ocean_post_subheading":"","ocean_post_title_style":"","ocean_post_title_background_color":"","ocean_post_title_background":0,"ocean_post_title_bg_image_position":"","ocean_post_title_bg_image_attachment":"","ocean_post_title_bg_image_repeat":"","ocean_post_title_bg_image_size":"","ocean_post_title_height":0,"ocean_post_title_bg_overlay":0.5,"ocean_post_title_bg_overlay_color":"","ocean_disable_breadcrumbs":"default","ocean_breadcrumbs_color":"","ocean_breadcrumbs_separator_color":"","ocean_breadcrumbs_links_color":"","ocean_breadcrumbs_links_hover_color":"","ocean_display_footer_widgets":"default","ocean_display_footer_bottom":"default","ocean_custom_footer_template":"0","footnotes":""},"class_list":["post-406","page","type-page","status-publish","hentry","entry"],"_links":{"self":[{"href":"https:\/\/lacortedelosmilagros.com\/es\/wp-json\/wp\/v2\/pages\/406","targetHints":{"allow":["GET"]}}],"collection":[{"href":"https:\/\/lacortedelosmilagros.com\/es\/wp-json\/wp\/v2\/pages"}],"about":[{"href":"https:\/\/lacortedelosmilagros.com\/es\/wp-json\/wp\/v2\/types\/page"}],"author":[{"embeddable":true,"href":"https:\/\/lacortedelosmilagros.com\/es\/wp-json\/wp\/v2\/users\/4"}],"replies":[{"embeddable":true,"href":"https:\/\/lacortedelosmilagros.com\/es\/wp-json\/wp\/v2\/comments?post=406"}],"version-history":[{"count":133,"href":"https:\/\/lacortedelosmilagros.com\/es\/wp-json\/wp\/v2\/pages\/406\/revisions"}],"predecessor-version":[{"id":3594,"href":"https:\/\/lacortedelosmilagros.com\/es\/wp-json\/wp\/v2\/pages\/406\/revisions\/3594"}],"wp:attachment":[{"href":"https:\/\/lacortedelosmilagros.com\/es\/wp-json\/wp\/v2\/media?parent=406"}],"curies":[{"name":"wp","href":"https:\/\/api.w.org\/{rel}","templated":true}]}}